{"id":1442,"date":"2017-10-17T10:22:36","date_gmt":"2017-10-17T09:22:36","guid":{"rendered":"https:\/\/www.tyresofiske.se\/?post_type=product&#038;p=1442"},"modified":"2026-04-30T17:35:22","modified_gmt":"2026-04-30T16:35:22","slug":"medlemskap-vuxen","status":"publish","type":"product","link":"https:\/\/www.tyresofiske.se\/index.php\/produkt\/medlemskap-vuxen\/","title":{"rendered":"Medlemskap Vuxen"},"content":{"rendered":"<p>H\u00e4r i webshopen k\u00f6ps nya medlemskap, ni som \u00e4r medlemmar sedan tidigare f\u00e5r i b\u00f6rjan av \u00e5ret ett inbetalningskort.<br \/>\n<strong>Endast ett medlemsskap per k\u00f6p s\u00e5 vi f\u00e5r med alla personuppgifter.<br \/>\n<span style=\"color: #ff0000;\">OBS VIKTIGT: Gl\u00f6m inte att fylla i ditt f\u00f6delsedatum.<\/span><br \/>\n<\/strong>Vill du \u00e5teruppta ett gammalt medlemskap g\u00f6r du ett vanligt k\u00f6p och anv\u00e4nder ditt gamla medlemsnummer.<br \/>\nHar detta f\u00f6rkommit \u00e4r vi tacksamma om du anger att du avser att \u00e5teruppta ett gammalt medlemskap i rutan f\u00f6r &#8221;Anteckningar&#8221; i kassan.<strong><br \/>\n<\/strong><\/p>\n<p>Alla \u00e4r v\u00e4lkomna som medlem i Tyres\u00f6 Fiskev\u00e5rdsf\u00f6rening oavsett bostadsort.<br \/>\nMedlemsavgiften \u00e4r f n 300 kr per \u00e5r f\u00f6r alla fr\u00e5n det att man fyllt 17 \u00e5r. F\u00f6r yngre \u00e4n 17 \u00e5r g\u00e4ller fritt handredskapsfiske. Vi har dock ett alternativ f\u00f6r samma grupp med en symbolisk medlemsavgift p\u00e5 50 kr per \u00e5r. D\u00e5 f\u00e5r de samma handlingar som vuxna och g\u00e5r t ex gratis p\u00e5 de flesta av Sportfiskesektionens aktiviteter. Juniormedlemskap ber\u00e4ttigar dock inte till kr\u00e4ftfiske eller rabatt p\u00e5 v\u00e5ra hyrb\u00e5tar d\u00e5 18-\u00e5rsgr\u00e4ns g\u00e4ller d\u00e4r.<br \/>\nMedlemskapet g\u00e4ller per kalender\u00e5r + januari och februari p\u00e5f\u00f6ljande \u00e5r.<br \/>\nEtt medlemskap som k\u00f6ps efter 1 oktober g\u00e4ller \u00e5ret ut + f\u00f6ljande kalender\u00e5r och januari och februari p\u00e5f\u00f6ljande \u00e5r<br \/>\nVi har varken familje- eller pension\u00e4rsrabatt.<\/p>\n<p><span style=\"color: #ff0000;\">Ange medlemsnummer 0000 i Kassan vid k\u00f6p.<\/span><\/p>\n<p>Vi lagrar bara s\u00e5 mycket personuppgifter som kr\u00e4vs f\u00f6r att administrera medlemskapet och uppgifterna l\u00e4mnas aldrig ut till n\u00e5gon utanf\u00f6r f\u00f6reningen.<\/p>\n","protected":false},"excerpt":{"rendered":"<p><strong>Vid medlemsans\u00f6kan f\u00f6r nya medlemmar anges medlemsnummer 0000 i kassan.<\/strong><\/p>\n","protected":false},"featured_media":1489,"comment_status":"closed","ping_status":"closed","template":"","meta":{"_acf_changed":false},"product_brand":[],"product_cat":[27],"product_tag":[],"class_list":{"0":"post-1442","1":"product","2":"type-product","3":"status-publish","4":"has-post-thumbnail","6":"product_cat-medlemskap","8":"first","9":"instock","10":"purchasable","11":"product-type-simple"},"acf":[],"_links":{"self":[{"href":"https:\/\/www.tyresofiske.se\/index.php\/wp-json\/wp\/v2\/product\/1442","targetHints":{"allow":["GET"]}}],"collection":[{"href":"https:\/\/www.tyresofiske.se\/index.php\/wp-json\/wp\/v2\/product"}],"about":[{"href":"https:\/\/www.tyresofiske.se\/index.php\/wp-json\/wp\/v2\/types\/product"}],"replies":[{"embeddable":true,"href":"https:\/\/www.tyresofiske.se\/index.php\/wp-json\/wp\/v2\/comments?post=1442"}],"wp:featuredmedia":[{"embeddable":true,"href":"https:\/\/www.tyresofiske.se\/index.php\/wp-json\/wp\/v2\/media\/1489"}],"wp:attachment":[{"href":"https:\/\/www.tyresofiske.se\/index.php\/wp-json\/wp\/v2\/media?parent=1442"}],"wp:term":[{"taxonomy":"product_brand","embeddable":true,"href":"https:\/\/www.tyresofiske.se\/index.php\/wp-json\/wp\/v2\/product_brand?post=1442"},{"taxonomy":"product_cat","embeddable":true,"href":"https:\/\/www.tyresofiske.se\/index.php\/wp-json\/wp\/v2\/product_cat?post=1442"},{"taxonomy":"product_tag","embeddable":true,"href":"https:\/\/www.tyresofiske.se\/index.php\/wp-json\/wp\/v2\/product_tag?post=1442"}],"curies":[{"name":"wp","href":"https:\/\/api.w.org\/{rel}","templated":true}]}}