{"id":1112,"date":"2017-03-17T15:52:56","date_gmt":"2017-03-17T14:52:56","guid":{"rendered":"https:\/\/www.tyresofiske.se\/?post_type=product&#038;p=1112"},"modified":"2026-03-16T17:38:19","modified_gmt":"2026-03-16T16:38:19","slug":"gava-till-foreningen","status":"publish","type":"product","link":"https:\/\/www.tyresofiske.se\/index.php\/produkt\/gava-till-foreningen\/","title":{"rendered":"G\u00e5va till f\u00f6reningen"},"content":{"rendered":"<p>Med ett litet bidrag kan du hj\u00e4lpa oss med verksamheten.<br \/>\nV\u00e4lj mellan 10, 50 eller 100 kr.<br \/>\nTack p\u00e5 f\u00f6rhand!<\/p>\n","protected":false},"excerpt":{"rendered":"<p>Med ett litet bidrag kan du hj\u00e4lpa oss med verksamheten. V\u00e4lj mellan 10, 50 eller 100 kr. Tack p\u00e5 f\u00f6rhand!<\/p>\n","protected":false},"featured_media":1490,"comment_status":"closed","ping_status":"closed","template":"","meta":{"_acf_changed":false},"product_brand":[],"product_cat":[29],"product_tag":[],"class_list":{"0":"post-1112","1":"product","2":"type-product","3":"status-publish","4":"has-post-thumbnail","6":"product_cat-gava","8":"first","9":"instock","10":"purchasable","11":"product-type-variable"},"acf":[],"_links":{"self":[{"href":"https:\/\/www.tyresofiske.se\/index.php\/wp-json\/wp\/v2\/product\/1112","targetHints":{"allow":["GET"]}}],"collection":[{"href":"https:\/\/www.tyresofiske.se\/index.php\/wp-json\/wp\/v2\/product"}],"about":[{"href":"https:\/\/www.tyresofiske.se\/index.php\/wp-json\/wp\/v2\/types\/product"}],"replies":[{"embeddable":true,"href":"https:\/\/www.tyresofiske.se\/index.php\/wp-json\/wp\/v2\/comments?post=1112"}],"wp:featuredmedia":[{"embeddable":true,"href":"https:\/\/www.tyresofiske.se\/index.php\/wp-json\/wp\/v2\/media\/1490"}],"wp:attachment":[{"href":"https:\/\/www.tyresofiske.se\/index.php\/wp-json\/wp\/v2\/media?parent=1112"}],"wp:term":[{"taxonomy":"product_brand","embeddable":true,"href":"https:\/\/www.tyresofiske.se\/index.php\/wp-json\/wp\/v2\/product_brand?post=1112"},{"taxonomy":"product_cat","embeddable":true,"href":"https:\/\/www.tyresofiske.se\/index.php\/wp-json\/wp\/v2\/product_cat?post=1112"},{"taxonomy":"product_tag","embeddable":true,"href":"https:\/\/www.tyresofiske.se\/index.php\/wp-json\/wp\/v2\/product_tag?post=1112"}],"curies":[{"name":"wp","href":"https:\/\/api.w.org\/{rel}","templated":true}]}}