{"id":71,"date":"2013-03-29T16:00:06","date_gmt":"2013-03-29T16:00:06","guid":{"rendered":"http:\/\/www.tyresofiske.se\/?page_id=71"},"modified":"2017-02-18T13:21:51","modified_gmt":"2017-02-18T12:21:51","slug":"klassdraget","status":"publish","type":"page","link":"https:\/\/www.tyresofiske.se\/index.php\/aktiviteter\/klassdraget\/","title":{"rendered":"Klassdraget"},"content":{"rendered":"<p>Tyres\u00f6 Fiskev\u00e5rdsf\u00f6rening arrangerar tillsammans med Sportfiskarna friluftsdagar med klasser fr\u00e5n olika skolor i Tyres\u00f6. Dessa har f\u00e5tt ett mycket gott mottagande bland elever, l\u00e4rare och f\u00f6r\u00e4ldrar. Alla deltagare f\u00e5r komma ut en sv\u00e4ng i roddb\u00e5t, fiska med metsp\u00f6, vittja kr\u00e4ftburar och n\u00e4t samt l\u00e4ra sig k\u00e4nna igen olika fiskarter. Det bjuds p\u00e5 grillad korv med dryck.<br \/>\n<a href=\"http:\/\/www.sportfiskarna.se\/KlassDraget\" target=\"_blank\">L\u00e4s mer h\u00e4r!<\/a> <\/p>\n","protected":false},"excerpt":{"rendered":"<p>Tyres\u00f6 Fiskev\u00e5rdsf\u00f6rening arrangerar tillsammans med Sportfiskarna friluftsdagar med klasser fr\u00e5n olika skolor i Tyres\u00f6. Dessa har f\u00e5tt ett mycket gott mottagande bland elever, l\u00e4rare och f\u00f6r\u00e4ldrar. Alla deltagare f\u00e5r komma &hellip; <a href=\"https:\/\/www.tyresofiske.se\/index.php\/aktiviteter\/klassdraget\/\" class=\"more-link\">Forts\u00e4tt l\u00e4sa <span class=\"screen-reader-text\">Klassdraget<\/span> <span class=\"meta-nav\">&rarr;<\/span><\/a><\/p>\n","protected":false},"author":2,"featured_media":0,"parent":36,"menu_order":1,"comment_status":"open","ping_status":"open","template":"","meta":{"_acf_changed":false,"footnotes":""},"class_list":["post-71","page","type-page","status-publish","hentry"],"acf":[],"_links":{"self":[{"href":"https:\/\/www.tyresofiske.se\/index.php\/wp-json\/wp\/v2\/pages\/71","targetHints":{"allow":["GET"]}}],"collection":[{"href":"https:\/\/www.tyresofiske.se\/index.php\/wp-json\/wp\/v2\/pages"}],"about":[{"href":"https:\/\/www.tyresofiske.se\/index.php\/wp-json\/wp\/v2\/types\/page"}],"author":[{"embeddable":true,"href":"https:\/\/www.tyresofiske.se\/index.php\/wp-json\/wp\/v2\/users\/2"}],"replies":[{"embeddable":true,"href":"https:\/\/www.tyresofiske.se\/index.php\/wp-json\/wp\/v2\/comments?post=71"}],"version-history":[{"count":5,"href":"https:\/\/www.tyresofiske.se\/index.php\/wp-json\/wp\/v2\/pages\/71\/revisions"}],"predecessor-version":[{"id":1090,"href":"https:\/\/www.tyresofiske.se\/index.php\/wp-json\/wp\/v2\/pages\/71\/revisions\/1090"}],"up":[{"embeddable":true,"href":"https:\/\/www.tyresofiske.se\/index.php\/wp-json\/wp\/v2\/pages\/36"}],"wp:attachment":[{"href":"https:\/\/www.tyresofiske.se\/index.php\/wp-json\/wp\/v2\/media?parent=71"}],"curies":[{"name":"wp","href":"https:\/\/api.w.org\/{rel}","templated":true}]}}