{"id":69,"date":"2013-03-29T15:59:44","date_gmt":"2013-03-29T15:59:44","guid":{"rendered":"http:\/\/www.tyresofiske.se\/?page_id=69"},"modified":"2026-03-29T01:35:43","modified_gmt":"2026-03-29T00:35:43","slug":"forsta-metardagen","status":"publish","type":"page","link":"https:\/\/www.tyresofiske.se\/index.php\/aktiviteter\/forsta-metardagen\/","title":{"rendered":"F\u00f6rsta metardagen"},"content":{"rendered":"<p>F\u00f6r hela familjen har vi fisket\u00e4vlingen \u201dF\u00f6rsta Metardagen\u201d p\u00e5 Notholmen vid Tyres\u00f6 slott p\u00e5 Kristi himmelsf\u00e4rdsdag varje \u00e5r.\u00a0<\/p>\n<p><a href=\"https:\/\/www.tyresofiske.se\/wp-content\/uploads\/2026\/03\/ForstaMetardagen-2026.pdf\" target=\"_blank\" rel=\"noopener\">Affisch Fo\u0308rsta Metardagen-2026<\/a><\/p>\n\n\n<p><\/p>\n","protected":false},"excerpt":{"rendered":"<p>F\u00f6r hela familjen har vi fisket\u00e4vlingen \u201dF\u00f6rsta Metardagen\u201d p\u00e5 Notholmen vid Tyres\u00f6 slott p\u00e5 Kristi himmelsf\u00e4rdsdag varje \u00e5r.\u00a0 Affisch Fo\u0308rsta Metardagen-2026<\/p>\n","protected":false},"author":2,"featured_media":0,"parent":36,"menu_order":0,"comment_status":"open","ping_status":"open","template":"","meta":{"_acf_changed":false,"footnotes":""},"class_list":["post-69","page","type-page","status-publish","hentry"],"acf":[],"_links":{"self":[{"href":"https:\/\/www.tyresofiske.se\/index.php\/wp-json\/wp\/v2\/pages\/69","targetHints":{"allow":["GET"]}}],"collection":[{"href":"https:\/\/www.tyresofiske.se\/index.php\/wp-json\/wp\/v2\/pages"}],"about":[{"href":"https:\/\/www.tyresofiske.se\/index.php\/wp-json\/wp\/v2\/types\/page"}],"author":[{"embeddable":true,"href":"https:\/\/www.tyresofiske.se\/index.php\/wp-json\/wp\/v2\/users\/2"}],"replies":[{"embeddable":true,"href":"https:\/\/www.tyresofiske.se\/index.php\/wp-json\/wp\/v2\/comments?post=69"}],"version-history":[{"count":4,"href":"https:\/\/www.tyresofiske.se\/index.php\/wp-json\/wp\/v2\/pages\/69\/revisions"}],"predecessor-version":[{"id":4317,"href":"https:\/\/www.tyresofiske.se\/index.php\/wp-json\/wp\/v2\/pages\/69\/revisions\/4317"}],"up":[{"embeddable":true,"href":"https:\/\/www.tyresofiske.se\/index.php\/wp-json\/wp\/v2\/pages\/36"}],"wp:attachment":[{"href":"https:\/\/www.tyresofiske.se\/index.php\/wp-json\/wp\/v2\/media?parent=69"}],"curies":[{"name":"wp","href":"https:\/\/api.w.org\/{rel}","templated":true}]}}