{"id":58,"date":"2013-03-29T15:57:54","date_gmt":"2013-03-29T15:57:54","guid":{"rendered":"http:\/\/www.tyresofiske.se\/?page_id=58"},"modified":"2024-06-07T16:03:51","modified_gmt":"2024-06-07T15:03:51","slug":"forhandsboka","status":"publish","type":"page","link":"https:\/\/www.tyresofiske.se\/index.php\/hyrbatar\/forhandsboka\/","title":{"rendered":"F\u00f6rhandsboka"},"content":{"rendered":"<p><em>Ska du hyra en b\u00e5t <\/em><span style=\"color: #ff0000;\"><strong><i>M\u00c5STE DU F\u00d6RHANDSBOKA och HA FYLLT 18 \u00c5R!<\/i><\/strong><\/span><\/p>\n<p><strong>L\u00e4s igenom det h\u00e4r allra f\u00f6rst!<\/strong><br \/>\n&#8211; F\u00f6lj instruktionerna p\u00e5 v\u00e5r samarbetspartner iFiskes hemsida.<br \/>\n&#8211; Hyr du b\u00e5ten med motor skall du skriva ut <a href=\"\/index.php\/hyrbatar\/avtal-och-instruktioner\/\" target=\"_blank\" rel=\"noopener noreferrer\">\u201dAnvisning Mercury 4 hk 4-takt\u201d<\/a>.<br \/>\n&#8211; Ta med ditt ordernummer till OKQ8, betala och erh\u00e5ll nyckel. Gl\u00f6m inte att ta med ditt medlemskort f\u00f6r att f\u00e5 det rabatterade priset f\u00f6r medlemmar!<br \/>\n<em><span style=\"color: #ff0000;\"><strong>TILL BOKNINGSSIDAN<\/strong><\/span> via <a title=\"F\u00f6rhandsboka h\u00e4r!\" href=\"https:\/\/www.ifiske.se\/fiskekort-tyreso.htm\" target=\"_blank\" rel=\"noopener noreferrer\"><b>denna l\u00e4nk<\/b><\/a>.<\/em><\/p>\n<p><strong>In english:<\/strong><br \/>\n<em>Should you hire a boat <\/em><strong><i><span style=\"color: #ff0000;\">YOU MUST PRE-BOOK and BE 18 YEARS OLD!<\/span><\/i><\/strong><\/p>\n<p><strong>Please read this first!<\/strong><br \/>\n&#8211; Follow the instructions on our partner iFiskes homepage.<br \/>\n&#8211; Rent to boat with motor, you should also print <a href=\"\/index.php\/hyrbatar\/avtal-och-instruktioner\/\" target=\"_blank\" rel=\"noopener noreferrer\">&#8221;Instruction Mercury 4 HP 4-stroke&#8221;.<\/a><br \/>\n&#8211; Take your order number and goto OKQ8 at Sikl\u00f6jev\u00e4gen 3 in Tyres\u00f6, pay and get the key. Don&#8217;t forget to bring your membership card to get the discounted price for members!<br \/>\n<em><span style=\"color: #ff0000;\"><strong>TO THE RESERVATION PAGE<\/strong><\/span> via <a title=\"F\u00f6rhandsboka h\u00e4r!\" href=\"https:\/\/www.ifiske.se\/fiskekort-tyreso.htm\" target=\"_blank\" rel=\"noopener noreferrer\"><b>this link<\/b><\/a>.<\/em><\/p>\n","protected":false},"excerpt":{"rendered":"<p>Ska du hyra en b\u00e5t M\u00c5STE DU F\u00d6RHANDSBOKA och HA FYLLT 18 \u00c5R! L\u00e4s igenom det h\u00e4r allra f\u00f6rst! &#8211; F\u00f6lj instruktionerna p\u00e5 v\u00e5r samarbetspartner iFiskes hemsida. &#8211; Hyr du &hellip; <a href=\"https:\/\/www.tyresofiske.se\/index.php\/hyrbatar\/forhandsboka\/\" class=\"more-link\">Forts\u00e4tt l\u00e4sa <span class=\"screen-reader-text\">F\u00f6rhandsboka<\/span> <span class=\"meta-nav\">&rarr;<\/span><\/a><\/p>\n","protected":false},"author":2,"featured_media":0,"parent":34,"menu_order":1,"comment_status":"open","ping_status":"open","template":"","meta":{"_acf_changed":false,"footnotes":""},"class_list":["post-58","page","type-page","status-publish","hentry"],"acf":[],"_links":{"self":[{"href":"https:\/\/www.tyresofiske.se\/index.php\/wp-json\/wp\/v2\/pages\/58","targetHints":{"allow":["GET"]}}],"collection":[{"href":"https:\/\/www.tyresofiske.se\/index.php\/wp-json\/wp\/v2\/pages"}],"about":[{"href":"https:\/\/www.tyresofiske.se\/index.php\/wp-json\/wp\/v2\/types\/page"}],"author":[{"embeddable":true,"href":"https:\/\/www.tyresofiske.se\/index.php\/wp-json\/wp\/v2\/users\/2"}],"replies":[{"embeddable":true,"href":"https:\/\/www.tyresofiske.se\/index.php\/wp-json\/wp\/v2\/comments?post=58"}],"version-history":[{"count":41,"href":"https:\/\/www.tyresofiske.se\/index.php\/wp-json\/wp\/v2\/pages\/58\/revisions"}],"predecessor-version":[{"id":3607,"href":"https:\/\/www.tyresofiske.se\/index.php\/wp-json\/wp\/v2\/pages\/58\/revisions\/3607"}],"up":[{"embeddable":true,"href":"https:\/\/www.tyresofiske.se\/index.php\/wp-json\/wp\/v2\/pages\/34"}],"wp:attachment":[{"href":"https:\/\/www.tyresofiske.se\/index.php\/wp-json\/wp\/v2\/media?parent=58"}],"curies":[{"name":"wp","href":"https:\/\/api.w.org\/{rel}","templated":true}]}}