{"id":52,"date":"2013-03-29T15:57:24","date_gmt":"2013-03-29T15:57:24","guid":{"rendered":"http:\/\/www.tyresofiske.se\/?page_id=52"},"modified":"2024-11-08T12:09:35","modified_gmt":"2024-11-08T11:09:35","slug":"fiskevatten-och-regler","status":"publish","type":"page","link":"https:\/\/www.tyresofiske.se\/index.php\/fiske\/fiskevatten-och-regler\/","title":{"rendered":"Fiskevatten och regler"},"content":{"rendered":"<p>Sj\u00f6kort, instruktioner och regler: H\u00e4mta pdf h\u00e4r:<br \/>\n<a href=\"https:\/\/www.tyresofiske.se\/wp-content\/uploads\/2024\/11\/Karta-1_2024.pdf\" target=\"_blank\" rel=\"noopener noreferrer\">Handredskap, angel och l\u00e5ngrev<\/a><br \/>\n<a href=\"https:\/\/www.tyresofiske.se\/wp-content\/uploads\/2024\/11\/Karta-2_2024.pdf\" target=\"_blank\" rel=\"noopener noreferrer\">N\u00e4tfiske<\/a><br \/>\n<a href=\"https:\/\/www.tyresofiske.se\/wp-content\/uploads\/2024\/11\/Karta-3_2024.pdf\" target=\"_blank\" rel=\"noopener noreferrer\">Allm\u00e4nna regler<\/a><\/p>\n<ul>\n<li>N\u00e4r naturreservatet Dyviks L\u00f6v\u00e4ngar bildades f\u00f6rs\u00e5gs Dyviksmaren med fiskef\u00f6rbud fr\u00e5n den 1 april till och med 15 juni. <strong>Fr\u00e5n 2024 har L\u00e4nsstyrelsen beslutat att fiskef\u00f6rbud nu g\u00e4ller hela \u00e5ret.<\/strong><\/li>\n<\/ul>\n<ul>\n<li>Genom beslut av L\u00e4nsstyrelsen i Stockholms l\u00e4n \u00e4r motorer (el- och f\u00f6rbr\u00e4nningsmotorer) f\u00f6rbjudna i samtliga av TFvF f\u00f6rvaltade insj\u00f6ar samt Brakmaren. Tyres\u00f6 Fiskev\u00e5rdsf\u00f6rening och Stockholm Stads Fritidsf\u00f6rvaltning \u00e4r beviljad dispens fr\u00e5n f\u00f6rbudet f\u00f6r bl\u2009a servicearbeten, tillsyn och provtagning.<\/li>\n<\/ul>\n<ul>\n<li>Risvasar finns bland annat utlagda utanf\u00f6r f\u00f6reningens tomt p\u00e5 Sparvv\u00e4gen 2 och i anslutning till hyrb\u00e5tsbryggan i Albysj\u00f6n p\u00e5 Gimmerstasidan, samt till h\u00f6ger om hyrb\u00e5tsbryggan i Tyres\u00f6-Flaten.<\/li>\n<\/ul>\n","protected":false},"excerpt":{"rendered":"<p>Sj\u00f6kort, instruktioner och regler: H\u00e4mta pdf h\u00e4r: Handredskap, angel och l\u00e5ngrev N\u00e4tfiske Allm\u00e4nna regler N\u00e4r naturreservatet Dyviks L\u00f6v\u00e4ngar bildades f\u00f6rs\u00e5gs Dyviksmaren med fiskef\u00f6rbud fr\u00e5n den 1 april till och med &hellip; <a href=\"https:\/\/www.tyresofiske.se\/index.php\/fiske\/fiskevatten-och-regler\/\" class=\"more-link\">Forts\u00e4tt l\u00e4sa <span class=\"screen-reader-text\">Fiskevatten och regler<\/span> <span class=\"meta-nav\">&rarr;<\/span><\/a><\/p>\n","protected":false},"author":3,"featured_media":0,"parent":31,"menu_order":1,"comment_status":"open","ping_status":"open","template":"","meta":{"_acf_changed":false,"footnotes":""},"class_list":["post-52","page","type-page","status-publish","hentry"],"acf":[],"_links":{"self":[{"href":"https:\/\/www.tyresofiske.se\/index.php\/wp-json\/wp\/v2\/pages\/52","targetHints":{"allow":["GET"]}}],"collection":[{"href":"https:\/\/www.tyresofiske.se\/index.php\/wp-json\/wp\/v2\/pages"}],"about":[{"href":"https:\/\/www.tyresofiske.se\/index.php\/wp-json\/wp\/v2\/types\/page"}],"author":[{"embeddable":true,"href":"https:\/\/www.tyresofiske.se\/index.php\/wp-json\/wp\/v2\/users\/3"}],"replies":[{"embeddable":true,"href":"https:\/\/www.tyresofiske.se\/index.php\/wp-json\/wp\/v2\/comments?post=52"}],"version-history":[{"count":31,"href":"https:\/\/www.tyresofiske.se\/index.php\/wp-json\/wp\/v2\/pages\/52\/revisions"}],"predecessor-version":[{"id":3763,"href":"https:\/\/www.tyresofiske.se\/index.php\/wp-json\/wp\/v2\/pages\/52\/revisions\/3763"}],"up":[{"embeddable":true,"href":"https:\/\/www.tyresofiske.se\/index.php\/wp-json\/wp\/v2\/pages\/31"}],"wp:attachment":[{"href":"https:\/\/www.tyresofiske.se\/index.php\/wp-json\/wp\/v2\/media?parent=52"}],"curies":[{"name":"wp","href":"https:\/\/api.w.org\/{rel}","templated":true}]}}