{"id":49,"date":"2013-03-29T15:57:16","date_gmt":"2013-03-29T15:57:16","guid":{"rendered":"http:\/\/www.tyresofiske.se\/?page_id=49"},"modified":"2014-06-07T08:12:08","modified_gmt":"2014-06-07T07:12:08","slug":"planktonprojekt","status":"publish","type":"page","link":"https:\/\/www.tyresofiske.se\/index.php\/fiskevard\/planktonprojekt\/","title":{"rendered":"Planktonprojekt"},"content":{"rendered":"<p>Under 2012 och 2013 har f\u00f6reningen genomf\u00f6rt provtagningsprojekt i fj\u00e4rdarna runt Tyres\u00f6 och i insj\u00f6arna Tyres\u00f6-Flaten och Albysj\u00f6n f\u00f6r att dokumentera f\u00f6rekomsten av v\u00e4xt- och djurplankton. V\u00e5ra samarbetspartners \u00e4r docent Jan-Erik Svensson, intendent Stefan Lundberg, Naturhistoriska Museet och G\u00f6ran Bardun, Tyres\u00f6 kommun.<\/p>\n<p><a href=\"http:\/\/www.nrm.se\/download\/18.3688e97313f58cd8320915\/1372076480689\/2013-1Tyresoplankton.pdf\" target=\"_blank\">Resultat 2012<\/a><\/p>\n<p><a href=\"http:\/\/www.nrm.se\/download\/18.5b069535146472c22823c0\/1401709046097\/Djurplankton+-+Tyres%C3%B6-Flaten-Albysj%C3%B6n+2014.pdf\" target=\"_blank\">Resultat 2013<\/a><\/p>\n","protected":false},"excerpt":{"rendered":"<p>Under 2012 och 2013 har f\u00f6reningen genomf\u00f6rt provtagningsprojekt i fj\u00e4rdarna runt Tyres\u00f6 och i insj\u00f6arna Tyres\u00f6-Flaten och Albysj\u00f6n f\u00f6r att dokumentera f\u00f6rekomsten av v\u00e4xt- och djurplankton. V\u00e5ra samarbetspartners \u00e4r docent &hellip; <a href=\"https:\/\/www.tyresofiske.se\/index.php\/fiskevard\/planktonprojekt\/\" class=\"more-link\">Forts\u00e4tt l\u00e4sa <span class=\"screen-reader-text\">Planktonprojekt<\/span> <span class=\"meta-nav\">&rarr;<\/span><\/a><\/p>\n","protected":false},"author":2,"featured_media":0,"parent":8,"menu_order":2,"comment_status":"open","ping_status":"open","template":"","meta":{"_acf_changed":false,"footnotes":""},"class_list":["post-49","page","type-page","status-publish","hentry"],"acf":[],"_links":{"self":[{"href":"https:\/\/www.tyresofiske.se\/index.php\/wp-json\/wp\/v2\/pages\/49","targetHints":{"allow":["GET"]}}],"collection":[{"href":"https:\/\/www.tyresofiske.se\/index.php\/wp-json\/wp\/v2\/pages"}],"about":[{"href":"https:\/\/www.tyresofiske.se\/index.php\/wp-json\/wp\/v2\/types\/page"}],"author":[{"embeddable":true,"href":"https:\/\/www.tyresofiske.se\/index.php\/wp-json\/wp\/v2\/users\/2"}],"replies":[{"embeddable":true,"href":"https:\/\/www.tyresofiske.se\/index.php\/wp-json\/wp\/v2\/comments?post=49"}],"version-history":[{"count":9,"href":"https:\/\/www.tyresofiske.se\/index.php\/wp-json\/wp\/v2\/pages\/49\/revisions"}],"predecessor-version":[{"id":582,"href":"https:\/\/www.tyresofiske.se\/index.php\/wp-json\/wp\/v2\/pages\/49\/revisions\/582"}],"up":[{"embeddable":true,"href":"https:\/\/www.tyresofiske.se\/index.php\/wp-json\/wp\/v2\/pages\/8"}],"wp:attachment":[{"href":"https:\/\/www.tyresofiske.se\/index.php\/wp-json\/wp\/v2\/media?parent=49"}],"curies":[{"name":"wp","href":"https:\/\/api.w.org\/{rel}","templated":true}]}}