{"id":45,"date":"2013-03-29T15:55:32","date_gmt":"2013-03-29T15:55:32","guid":{"rendered":"http:\/\/www.tyresofiske.se\/?page_id=45"},"modified":"2019-12-09T18:06:32","modified_gmt":"2019-12-09T17:06:32","slug":"provfiske","status":"publish","type":"page","link":"https:\/\/www.tyresofiske.se\/index.php\/fiskevard\/provfiske\/","title":{"rendered":"Provfiske"},"content":{"rendered":"<p>F\u00f6reningen har nu genomf\u00f6rt femton etapper av projekt \u201dSk\u00e4rg\u00e5rdsfiskar i Tyres\u00f6\u201d. <a href=\"\/wp-content\/uploads\/2014\/02\/Provfiskeprojekt.pdf\">(Se projektplan via l\u00e4nk)<\/a>. Fisket har hittills resulterat i femton rapporter \u00f6ver provfisket i Kalvfj\u00e4rden 2002, 2005, 2008, 2011 och 2014, \u00c4llmorafj\u00e4rden 2003, 2006, 2009, 2012 och 2017, Vissvass-\u00c5va 2004, 2007, 2010, 2013 och 2019. I dem kan du studera f\u00f6rekomsten av olika fiskarter i dessa fj\u00e4rdar.<br \/>\nJ\u00e4mf\u00f6rande studier har ocks\u00e5 skett mellan olika provfisken i Kalvfj\u00e4rden, \u00c4llmorafj\u00e4rden och Vissvass-\u00c5va. Hur dessa ser ut kan du se om du klickar l\u00e4nkarna nedan.<br \/>\nUnder 2015, 2016 och 2018 har inget provfiske bedrivits.<\/p>\n<p><strong>Rapporter fr\u00e5n provfisket 2019, samt en j\u00e4mf\u00f6relse mellan provfiskena \u00e5ren 2004, 2007, 2010, 2013 och 2019.<\/strong><br \/>\nVissvass-\u00c5va <a href=\"https:\/\/www.tyresofiske.se\/wp-content\/uploads\/2019\/12\/V_A_2019.pdf\" target=\"_blank\" rel=\"noopener\">V_A_2019<\/a><br \/>\nJ\u00e4mf\u00f6relse <a href=\"https:\/\/www.tyresofiske.se\/wp-content\/uploads\/2019\/12\/J_V-A_2004_2007_2010_2013_2019.pdf\" target=\"_blank\" rel=\"noopener\">J_V-A_2004_2007_2010_2013_2019<\/a><\/p>\n<p><strong>Rapporter fr\u00e5n provfisket 2017, samt en j\u00e4mf\u00f6relse mellan provfiskena \u00e5ren 2003, 2006, 2009, 2012 och 2017.<\/strong><br \/>\n\u00c4llmorafj\u00e4rden <a href=\"https:\/\/www.tyresofiske.se\/wp-content\/uploads\/2018\/04\/Allmorafjarden_2017.pdf\" target=\"_blank\" rel=\"noopener\">Allmorafjarden_2017<\/a><br \/>\nJ\u00e4mf\u00f6relse <a href=\"https:\/\/www.tyresofiske.se\/wp-content\/uploads\/2018\/04\/Jamforelse_2017.pdf\" target=\"_blank\" rel=\"noopener\">Jamforelse_2017<\/a><\/p>\n<p><strong>Rapporter fr\u00e5n provfisket 2014, samt en j\u00e4mf\u00f6relse mellan provfiskena \u00e5ren 2002, 2005, 2008, 2011 och 2014.<\/strong><br \/>\nKalvfj\u00e4rden <a href=\"\/wp-content\/uploads\/2015\/02\/Kalvfjarden-2014.pdf\" target=\"_blank\" rel=\"noopener\">Kalvfjarden-2014<\/a><br \/>\nJ\u00e4mf\u00f6relse <a href=\"\/wp-content\/uploads\/2015\/02\/J_K_2002_2005_2008_2011_2014.pdf\" target=\"_blank\" rel=\"noopener\">J_K_2002_2005_2008_2011_2014<\/a><\/p>\n<p><strong>Tidigare rapporter fr\u00e5n Kalvfj\u00e4rden, \u00c4llmorafj\u00e4rden, Vissvass-\u00c5va<br \/>\noch \u00e4ven tv\u00e5 \u00e4ldre provfisken insj\u00f6arna Tyres\u00f6-Flaten och Albysj\u00f6n<\/strong><br \/>\nKalvfj\u00e4rden 2002 <a href=\"\/wp-content\/uploads\/2014\/02\/Kalvfjarden_2002.pdf\" target=\"_blank\" rel=\"noopener\">Kalvfjarden_2002<\/a><br \/>\nKalvfj\u00e4rden 2005 <a href=\"\/wp-content\/uploads\/2014\/02\/Kalvfjarden_2005.pdf\" target=\"_blank\" rel=\"noopener\">Kalvfjarden_2005<\/a><br \/>\nKalvfj\u00e4rden 2008 <a href=\"\/wp-content\/uploads\/2014\/02\/Kalvfjarden_2008.pdf\" target=\"_blank\" rel=\"noopener\">Kalvfjarden_2008<\/a><br \/>\nKalvfj\u00e4rden 2011 <a href=\"\/wp-content\/uploads\/2014\/02\/Kalvfjarden_2011.pdf\" target=\"_blank\" rel=\"noopener\">Kalvfjarden_2011<\/a><br \/>\n\u00c4llmorafj\u00e4rden 2003 <a href=\"\/wp-content\/uploads\/2014\/02\/Allmorafjarden_2003.pdf\" target=\"_blank\" rel=\"noopener\">Allmorafjarden_2003<\/a><br \/>\n\u00c4llmorafj\u00e4rden 2006 <a href=\"\/wp-content\/uploads\/2014\/02\/Allmorafjarden_2006.pdf\" target=\"_blank\" rel=\"noopener\">Allmorafjarden_2006<\/a><br \/>\n\u00c4llmorafj\u00e4rden 2009 <a href=\"\/wp-content\/uploads\/2014\/02\/Allmorafjarden_2009.pdf\" target=\"_blank\" rel=\"noopener\">Allmorafjarden_2009<\/a><br \/>\n\u00c4llmorafj\u00e4rden 2012 <a href=\"\/wp-content\/uploads\/2014\/02\/Allmorafjarden_2012.pdf\" target=\"_blank\" rel=\"noopener\">Allmorafjarden_2012<\/a><br \/>\nVissvass-\u00c5va 2004 <a href=\"\/wp-content\/uploads\/2014\/02\/Vissvass_Ava_2004.pdf\" target=\"_blank\" rel=\"noopener\">Vissvass_Ava_2004<\/a><br \/>\nVissvass-\u00c5va 2007 <a href=\"\/wp-content\/uploads\/2014\/02\/Vissvass_Ava_2007.pdf\" target=\"_blank\" rel=\"noopener\">Vissvass_Ava_2007<\/a><br \/>\nVissvass-\u00c5va 2010 <a href=\"\/wp-content\/uploads\/2014\/02\/Vissvass_Ava_2010.pdf\" target=\"_blank\" rel=\"noopener\">Vissvass_Ava_2010<\/a><br \/>\nVissvass-\u00c5va 2013 <a href=\"\/wp-content\/uploads\/2014\/02\/Vissvass_Ava_2013.pdf\" target=\"_blank\" rel=\"noopener\">Vissvass_Ava_2013<\/a><br \/>\nTyres\u00f6-Flaten 2002 <a href=\"\/wp-content\/uploads\/2014\/02\/Tyreso-Flaten_2002.pdf\" target=\"_blank\" rel=\"noopener\">Tyreso-Flaten_2002<\/a><br \/>\nAlbysj\u00f6n 2003 <a href=\"\/wp-content\/uploads\/2014\/02\/Alby_2003.pdf\" target=\"_blank\" rel=\"noopener\">Alby_2003<\/a><\/p>\n<ul>\n<li>Elever och l\u00e4rare fr\u00e5n Tyres\u00f6 Gymnasium genomf\u00f6rde i samarbete med f\u00f6reningen provfisken i Tyres\u00f6-Flaten respektive Albysj\u00f6n under 2002 och 2003.<\/li>\n<li>\u00c5r 2008 genomf\u00f6rdes ocks\u00e5 ett f\u00f6rs\u00f6k till pr\u00e4gling av Havs\u00f6ring p\u00e5 Kalvfj\u00e4rdens vatten. Du kan l\u00e4sa mer om detta p\u00e5 Sportfiskarnas hemsida d\u00e4r ocks\u00e5 l\u00e4nkar till bilder finns. Med vunna erfarenheter gjordes ett nytt f\u00f6rs\u00f6k \u00e5r 2009.<\/li>\n<li>I projektet samarbetar vi med Tyres\u00f6 Kommun, som bidragit med finansiering av etapp 1 inom ramen f\u00f6r Agenda 21. Som bel\u00f6ning f\u00f6r f\u00f6reningens fler\u00e5riga fiskev\u00e5rdande engagemang, f\u00f6r\u00e4rades vi Agenda 21:s stora milj\u00f6pris f\u00f6r \u00e5r 2002.<\/li>\n<\/ul>\n","protected":false},"excerpt":{"rendered":"<p>F\u00f6reningen har nu genomf\u00f6rt femton etapper av projekt \u201dSk\u00e4rg\u00e5rdsfiskar i Tyres\u00f6\u201d. (Se projektplan via l\u00e4nk). Fisket har hittills resulterat i femton rapporter \u00f6ver provfisket i Kalvfj\u00e4rden 2002, 2005, 2008, 2011 &hellip; <a href=\"https:\/\/www.tyresofiske.se\/index.php\/fiskevard\/provfiske\/\" class=\"more-link\">Forts\u00e4tt l\u00e4sa <span class=\"screen-reader-text\">Provfiske<\/span> <span class=\"meta-nav\">&rarr;<\/span><\/a><\/p>\n","protected":false},"author":2,"featured_media":0,"parent":8,"menu_order":0,"comment_status":"open","ping_status":"open","template":"","meta":{"_acf_changed":false,"footnotes":""},"class_list":["post-45","page","type-page","status-publish","hentry"],"acf":[],"_links":{"self":[{"href":"https:\/\/www.tyresofiske.se\/index.php\/wp-json\/wp\/v2\/pages\/45","targetHints":{"allow":["GET"]}}],"collection":[{"href":"https:\/\/www.tyresofiske.se\/index.php\/wp-json\/wp\/v2\/pages"}],"about":[{"href":"https:\/\/www.tyresofiske.se\/index.php\/wp-json\/wp\/v2\/types\/page"}],"author":[{"embeddable":true,"href":"https:\/\/www.tyresofiske.se\/index.php\/wp-json\/wp\/v2\/users\/2"}],"replies":[{"embeddable":true,"href":"https:\/\/www.tyresofiske.se\/index.php\/wp-json\/wp\/v2\/comments?post=45"}],"version-history":[{"count":49,"href":"https:\/\/www.tyresofiske.se\/index.php\/wp-json\/wp\/v2\/pages\/45\/revisions"}],"predecessor-version":[{"id":2052,"href":"https:\/\/www.tyresofiske.se\/index.php\/wp-json\/wp\/v2\/pages\/45\/revisions\/2052"}],"up":[{"embeddable":true,"href":"https:\/\/www.tyresofiske.se\/index.php\/wp-json\/wp\/v2\/pages\/8"}],"wp:attachment":[{"href":"https:\/\/www.tyresofiske.se\/index.php\/wp-json\/wp\/v2\/media?parent=45"}],"curies":[{"name":"wp","href":"https:\/\/api.w.org\/{rel}","templated":true}]}}