{"id":427,"date":"2014-02-10T15:32:50","date_gmt":"2014-02-10T14:32:50","guid":{"rendered":"http:\/\/www.tyresofiske.se\/?page_id=427"},"modified":"2017-02-18T13:04:02","modified_gmt":"2017-02-18T12:04:02","slug":"pimpelfiske","status":"publish","type":"page","link":"https:\/\/www.tyresofiske.se\/index.php\/aktiviteter\/pimpelfiske\/","title":{"rendered":"Pimpelfiske"},"content":{"rendered":"<p>Som tradition bjuder vi in allm\u00e4nheten till pimpel- och angelfiske under tv\u00e5 prova-p\u00e5-tillf\u00e4llen under vintern. Oftast h\u00e5ller vi till p\u00e5 Albysj\u00f6n och Tyres\u00f6-Flaten, men vi har \u00e4ven anv\u00e4nt isarna kring Notholmen. D\u00e5 vi har begr\u00e4nsat med utrustning att l\u00e5na ut \u00e4r det f\u00f6rst till kvarn som g\u00e4ller, men man kan ju alltid komma ned och ta med egen utrustning. <strong>T\u00e4nk p\u00e5 s\u00e4kerheten n\u00e4r du \u00e4r ute p\u00e5 isen!<\/strong> Se kalendern f\u00f6r aktuella datum.<\/p>\n","protected":false},"excerpt":{"rendered":"<p>Som tradition bjuder vi in allm\u00e4nheten till pimpel- och angelfiske under tv\u00e5 prova-p\u00e5-tillf\u00e4llen under vintern. Oftast h\u00e5ller vi till p\u00e5 Albysj\u00f6n och Tyres\u00f6-Flaten, men vi har \u00e4ven anv\u00e4nt isarna kring &hellip; <a href=\"https:\/\/www.tyresofiske.se\/index.php\/aktiviteter\/pimpelfiske\/\" class=\"more-link\">Forts\u00e4tt l\u00e4sa <span class=\"screen-reader-text\">Pimpelfiske<\/span> <span class=\"meta-nav\">&rarr;<\/span><\/a><\/p>\n","protected":false},"author":2,"featured_media":0,"parent":36,"menu_order":0,"comment_status":"closed","ping_status":"open","template":"","meta":{"_acf_changed":false,"footnotes":""},"class_list":["post-427","page","type-page","status-publish","hentry"],"acf":[],"_links":{"self":[{"href":"https:\/\/www.tyresofiske.se\/index.php\/wp-json\/wp\/v2\/pages\/427","targetHints":{"allow":["GET"]}}],"collection":[{"href":"https:\/\/www.tyresofiske.se\/index.php\/wp-json\/wp\/v2\/pages"}],"about":[{"href":"https:\/\/www.tyresofiske.se\/index.php\/wp-json\/wp\/v2\/types\/page"}],"author":[{"embeddable":true,"href":"https:\/\/www.tyresofiske.se\/index.php\/wp-json\/wp\/v2\/users\/2"}],"replies":[{"embeddable":true,"href":"https:\/\/www.tyresofiske.se\/index.php\/wp-json\/wp\/v2\/comments?post=427"}],"version-history":[{"count":6,"href":"https:\/\/www.tyresofiske.se\/index.php\/wp-json\/wp\/v2\/pages\/427\/revisions"}],"predecessor-version":[{"id":1087,"href":"https:\/\/www.tyresofiske.se\/index.php\/wp-json\/wp\/v2\/pages\/427\/revisions\/1087"}],"up":[{"embeddable":true,"href":"https:\/\/www.tyresofiske.se\/index.php\/wp-json\/wp\/v2\/pages\/36"}],"wp:attachment":[{"href":"https:\/\/www.tyresofiske.se\/index.php\/wp-json\/wp\/v2\/media?parent=427"}],"curies":[{"name":"wp","href":"https:\/\/api.w.org\/{rel}","templated":true}]}}