{"id":4262,"date":"2026-03-15T22:10:31","date_gmt":"2026-03-15T21:10:31","guid":{"rendered":"https:\/\/www.tyresofiske.se\/?page_id=4262"},"modified":"2026-03-15T22:10:31","modified_gmt":"2026-03-15T21:10:31","slug":"sponsorer","status":"publish","type":"page","link":"https:\/\/www.tyresofiske.se\/index.php\/sponsorer\/","title":{"rendered":"Sponsorer"},"content":{"rendered":"<div class=\"tmm tmm_sponsorer\"><div class=\"tmm_3_columns tmm_wrap tmm_theme_f\"><span class=\"tmm_two_containers_tablet\"><\/span><div class=\"tmm_container\"><div class=\"tmm_member\" style=\"border-top:#333333 solid 5px;\"><div class=\"tmm_photo tmm_pic_sponsorer_0\" style=\"background: url(https:\/\/www.tyresofiske.se\/wp-content\/uploads\/2026\/03\/KayakAngler-logo_NY.jpg); margin-left: auto; margin-right:auto; background-size:cover !important;\"><\/div><div class=\"tmm_textblock\"><div class=\"tmm_names\"><span class=\"tmm_fname\">KayakAngler<\/span> <\/div><div class=\"tmm_scblock\"><a target=\"_blank\" class=\"tmm_sociallink\" href=\"https:\/\/kayakangler.se\/\" title=\"Hemsida\"><img decoding=\"async\" alt=\"Hemsida\" src=\"https:\/\/www.tyresofiske.se\/wp-content\/plugins\/team-members\/inc\/img\/links\/website.png\"\/><\/a><\/div><\/div><\/div><div class=\"tmm_member\" style=\"border-top:#333333 solid 5px;\"><div class=\"tmm_photo tmm_pic_sponsorer_1\" style=\"background: url(https:\/\/www.tyresofiske.se\/wp-content\/uploads\/2026\/03\/iQfiske_logo.avif); margin-left: auto; margin-right:auto; background-size:cover !important;\"><\/div><div class=\"tmm_textblock\"><div class=\"tmm_names\"><span class=\"tmm_fname\">iQfiske<\/span> <\/div><div class=\"tmm_desc\" style=\"text-align:\"><p>25 % rabatt p\u00e5 hela sortimentet till Tyres\u00f6 Fiskev\u00e5rdsf\u00f6reningens medlemmar fram till 2026-06-30<\/p><\/div><div class=\"tmm_scblock\"><a target=\"_blank\" class=\"tmm_sociallink\" href=\"https:\/\/iqfiske.se\/\" title=\"Hemsida\"><img decoding=\"async\" alt=\"Hemsida\" src=\"https:\/\/www.tyresofiske.se\/wp-content\/plugins\/team-members\/inc\/img\/links\/website.png\"\/><\/a><\/div><\/div><\/div><span class=\"tmm_two_containers_tablet\"><\/span><div class=\"tmm_member\" style=\"border-top:#333333 solid 5px;\"><div class=\"tmm_photo tmm_pic_sponsorer_2\" style=\"background: url(https:\/\/www.tyresofiske.se\/wp-content\/uploads\/2024\/09\/godissvampen-150x78-1.jpg); margin-left: auto; margin-right:auto; background-size:cover !important;\"><\/div><div class=\"tmm_textblock\"><div class=\"tmm_names\"><span class=\"tmm_fname\">Godissvampen<\/span> <\/div><div class=\"tmm_desc\" style=\"text-align:\"><p>V\u00e4lkommen till Godissvampens v\u00e4rld av f\u00e4rskt l\u00f6sgodis!<\/p><\/div><div class=\"tmm_scblock\"><a target=\"_blank\" class=\"tmm_sociallink\" href=\"https:\/\/godissvampen.se\/\" title=\"Hemsida\"><img decoding=\"async\" alt=\"Hemsida\" src=\"https:\/\/www.tyresofiske.se\/wp-content\/plugins\/team-members\/inc\/img\/links\/website.png\"\/><\/a><\/div><\/div><\/div><\/div><span class=\"tmm_columns_containers_desktop\"><\/span><div class=\"tmm_container\"><div class=\"tmm_member\" style=\"border-top:#333333 solid 5px;\"><div class=\"tmm_photo tmm_pic_sponsorer_3\" style=\"background: url(https:\/\/www.tyresofiske.se\/wp-content\/uploads\/2026\/03\/Fiskarnas-Redskapshandel.jpg); margin-left: auto; margin-right:auto; background-size:cover !important;\"><\/div><div class=\"tmm_textblock\"><div class=\"tmm_names\"><span class=\"tmm_fname\">Fiskarnas Redskapshandel<\/span> <\/div><div class=\"tmm_desc\" style=\"text-align:\"><p>10 % rabatt till Tyres\u00f6 Fiskev\u00e5rdsf\u00f6renings medlemmar vid uppvisande av medlemskort.<\/p><p>Butiken ligger i Naturkompaniet i Sickla k\u00f6pcentrum.<\/p><\/div><div class=\"tmm_scblock\"><a target=\"_blank\" class=\"tmm_sociallink\" href=\"https:\/\/www.facebook.com\/fiskarnasnaturkompaniet\/?locale=sv_SE\" title=\"Facebook\"><img decoding=\"async\" alt=\"Facebook\" src=\"https:\/\/www.tyresofiske.se\/wp-content\/plugins\/team-members\/inc\/img\/links\/facebook.png\"\/><\/a><\/div><\/div><\/div><span class=\"tmm_two_containers_tablet\"><\/span><div class=\"tmm_member\" style=\"border-top:#333333 solid 5px;\"><div class=\"tmm_photo tmm_pic_sponsorer_4\" style=\"background: url(https:\/\/www.tyresofiske.se\/wp-content\/uploads\/2026\/03\/soderssportfiske_NY.png); margin-left: auto; margin-right:auto; background-size:cover !important;\"><\/div><div class=\"tmm_textblock\"><div class=\"tmm_names\"><span class=\"tmm_fname\">S\u00f6ders Sportfiske<\/span> <\/div><div class=\"tmm_scblock\"><a target=\"_blank\" class=\"tmm_sociallink\" href=\"https:\/\/www.sportfiskeprylar.se\/\" title=\"Hemsida\"><img decoding=\"async\" alt=\"Hemsida\" src=\"https:\/\/www.tyresofiske.se\/wp-content\/plugins\/team-members\/inc\/img\/links\/website.png\"\/><\/a><\/div><\/div><\/div><div class=\"tmm_member\" style=\"border-top:#333333 solid 5px;\"><div class=\"tmm_photo tmm_pic_sponsorer_5\" style=\"background: url(https:\/\/www.tyresofiske.se\/wp-content\/uploads\/2026\/03\/StockholmsSportfiske.jpg); margin-left: auto; margin-right:auto; background-size:cover !important;\"><\/div><div class=\"tmm_textblock\"><div class=\"tmm_names\"><span class=\"tmm_fname\">Stockholms Sportfiske<\/span> <\/div><div class=\"tmm_scblock\"><a target=\"_blank\" class=\"tmm_sociallink\" href=\"https:\/\/stockholmsportfiske.se\/sv\/\" title=\"Hemsida\"><img decoding=\"async\" alt=\"Hemsida\" src=\"https:\/\/www.tyresofiske.se\/wp-content\/plugins\/team-members\/inc\/img\/links\/website.png\"\/><\/a><a target=\"_blank\" class=\"tmm_sociallink\" href=\"https:\/\/www.facebook.com\/p\/Stockholms-Sportfiskebutik-100064125543158\/\" title=\"Facebook\"><img decoding=\"async\" alt=\"Facebook\" src=\"https:\/\/www.tyresofiske.se\/wp-content\/plugins\/team-members\/inc\/img\/links\/facebook.png\"\/><\/a><\/div><\/div><\/div><span class=\"tmm_two_containers_tablet\"><\/span><\/div><span class=\"tmm_columns_containers_desktop\"><\/span><div class=\"tmm_container\"><div class=\"tmm_member\" style=\"border-top:#333333 solid 5px;\"><div class=\"tmm_photo tmm_pic_sponsorer_6\" style=\"background: url(https:\/\/www.tyresofiske.se\/wp-content\/uploads\/2026\/03\/Jiggar.nu-logotyp_NY.jpg); margin-left: auto; margin-right:auto; background-size:cover !important;\"><\/div><div class=\"tmm_textblock\"><div class=\"tmm_names\"><span class=\"tmm_fname\">jiggar.nu<\/span> <\/div><div class=\"tmm_scblock\"><a target=\"_blank\" class=\"tmm_sociallink\" href=\"https:\/\/jiggar.nu\/\" title=\"Hemsida\"><img decoding=\"async\" alt=\"Hemsida\" src=\"https:\/\/www.tyresofiske.se\/wp-content\/plugins\/team-members\/inc\/img\/links\/website.png\"\/><\/a><\/div><\/div><\/div><div class=\"tmm_member\" style=\"border-top:#333333 solid 5px;\"><div class=\"tmm_photo tmm_pic_sponsorer_7\" style=\"background: url(https:\/\/www.tyresofiske.se\/wp-content\/uploads\/2026\/03\/Shimano_logo_blue_NY.jpg); margin-left: auto; margin-right:auto; background-size:cover !important;\"><\/div><div class=\"tmm_textblock\"><div class=\"tmm_names\"><span class=\"tmm_fname\">Shimano<\/span> <\/div><div class=\"tmm_scblock\"><\/div><\/div><\/div><span class=\"tmm_two_containers_tablet\"><\/span><div class=\"tmm_member\" style=\"border-top:#333333 solid 5px;\"><div class=\"tmm_photo tmm_pic_sponsorer_8\" style=\"background: url(https:\/\/www.tyresofiske.se\/wp-content\/uploads\/2026\/03\/Abu-150x78_S_NY.jpg); margin-left: auto; margin-right:auto; background-size:cover !important;\"><\/div><div class=\"tmm_textblock\"><div class=\"tmm_names\"><span class=\"tmm_fname\">ABU<\/span> <\/div><div class=\"tmm_scblock\"><\/div><\/div><\/div><div style=\"clear:both;\"><\/div><\/div><\/div><\/div>\n","protected":false},"excerpt":{"rendered":"","protected":false},"author":2,"featured_media":0,"parent":0,"menu_order":0,"comment_status":"closed","ping_status":"closed","template":"","meta":{"_acf_changed":false,"footnotes":""},"class_list":["post-4262","page","type-page","status-publish","hentry"],"acf":[],"_links":{"self":[{"href":"https:\/\/www.tyresofiske.se\/index.php\/wp-json\/wp\/v2\/pages\/4262","targetHints":{"allow":["GET"]}}],"collection":[{"href":"https:\/\/www.tyresofiske.se\/index.php\/wp-json\/wp\/v2\/pages"}],"about":[{"href":"https:\/\/www.tyresofiske.se\/index.php\/wp-json\/wp\/v2\/types\/page"}],"author":[{"embeddable":true,"href":"https:\/\/www.tyresofiske.se\/index.php\/wp-json\/wp\/v2\/users\/2"}],"replies":[{"embeddable":true,"href":"https:\/\/www.tyresofiske.se\/index.php\/wp-json\/wp\/v2\/comments?post=4262"}],"version-history":[{"count":1,"href":"https:\/\/www.tyresofiske.se\/index.php\/wp-json\/wp\/v2\/pages\/4262\/revisions"}],"predecessor-version":[{"id":4263,"href":"https:\/\/www.tyresofiske.se\/index.php\/wp-json\/wp\/v2\/pages\/4262\/revisions\/4263"}],"wp:attachment":[{"href":"https:\/\/www.tyresofiske.se\/index.php\/wp-json\/wp\/v2\/media?parent=4262"}],"curies":[{"name":"wp","href":"https:\/\/api.w.org\/{rel}","templated":true}]}}