{"id":34,"date":"2013-03-29T15:51:02","date_gmt":"2013-03-29T15:51:02","guid":{"rendered":"http:\/\/www.tyresofiske.se\/?page_id=34"},"modified":"2024-03-10T12:27:01","modified_gmt":"2024-03-10T11:27:01","slug":"hyrbatar","status":"publish","type":"page","link":"https:\/\/www.tyresofiske.se\/index.php\/hyrbatar\/","title":{"rendered":"Hyrb\u00e5tar"},"content":{"rendered":"<p>Uthyrning sker genom OKQ8, Sikl\u00f6jev\u00e4gen 3, Tyres\u00f6 (Bollmora), tel: 08-742 04 20, d\u00e4r ocks\u00e5 dagfiskekort och medlems-\/fiskekort f\u00f6r hela \u00e5ret\u00a0 kan l\u00f6sas. <strong>(Du m\u00e5ste f\u00f6rhandsboka b\u00e5tarna, se nedan!)<\/strong><\/p>\n<p><strong>Bokning<\/strong><\/p>\n<p>F\u00f6rhandsbokning av b\u00e5t ska ske via hosn\u00e4tet. \u00c4r du inte registrerad, skall detta g\u00f6ras f\u00f6rst av allt. \u00a0Nu \u00e4r det klart f\u00f6r bokning. Bokad men inte uth\u00e4mtad b\u00e5t kommer att debiteras.<\/p>\n","protected":false},"excerpt":{"rendered":"<p>Uthyrning sker genom OKQ8, Sikl\u00f6jev\u00e4gen 3, Tyres\u00f6 (Bollmora), tel: 08-742 04 20, d\u00e4r ocks\u00e5 dagfiskekort och medlems-\/fiskekort f\u00f6r hela \u00e5ret\u00a0 kan l\u00f6sas. (Du m\u00e5ste f\u00f6rhandsboka b\u00e5tarna, se nedan!) Bokning F\u00f6rhandsbokning &hellip; <a href=\"https:\/\/www.tyresofiske.se\/index.php\/hyrbatar\/\" class=\"more-link\">Forts\u00e4tt l\u00e4sa <span class=\"screen-reader-text\">Hyrb\u00e5tar<\/span> <span class=\"meta-nav\">&rarr;<\/span><\/a><\/p>\n","protected":false},"author":2,"featured_media":0,"parent":0,"menu_order":4,"comment_status":"open","ping_status":"open","template":"","meta":{"_acf_changed":false,"footnotes":""},"class_list":["post-34","page","type-page","status-publish","hentry"],"acf":[],"_links":{"self":[{"href":"https:\/\/www.tyresofiske.se\/index.php\/wp-json\/wp\/v2\/pages\/34","targetHints":{"allow":["GET"]}}],"collection":[{"href":"https:\/\/www.tyresofiske.se\/index.php\/wp-json\/wp\/v2\/pages"}],"about":[{"href":"https:\/\/www.tyresofiske.se\/index.php\/wp-json\/wp\/v2\/types\/page"}],"author":[{"embeddable":true,"href":"https:\/\/www.tyresofiske.se\/index.php\/wp-json\/wp\/v2\/users\/2"}],"replies":[{"embeddable":true,"href":"https:\/\/www.tyresofiske.se\/index.php\/wp-json\/wp\/v2\/comments?post=34"}],"version-history":[{"count":5,"href":"https:\/\/www.tyresofiske.se\/index.php\/wp-json\/wp\/v2\/pages\/34\/revisions"}],"predecessor-version":[{"id":3400,"href":"https:\/\/www.tyresofiske.se\/index.php\/wp-json\/wp\/v2\/pages\/34\/revisions\/3400"}],"wp:attachment":[{"href":"https:\/\/www.tyresofiske.se\/index.php\/wp-json\/wp\/v2\/media?parent=34"}],"curies":[{"name":"wp","href":"https:\/\/api.w.org\/{rel}","templated":true}]}}