{"id":338,"date":"2014-02-09T12:20:00","date_gmt":"2014-02-09T12:20:00","guid":{"rendered":"http:\/\/www.tyresofiske.se\/?page_id=338"},"modified":"2024-06-13T18:02:19","modified_gmt":"2024-06-13T17:02:19","slug":"avtal-och-instruktioner","status":"publish","type":"page","link":"https:\/\/www.tyresofiske.se\/index.php\/hyrbatar\/avtal-och-instruktioner\/","title":{"rendered":"Avtal och instruktioner"},"content":{"rendered":"<p>Fiskekort \u2013 <a href=\"https:\/\/www.tyresofiske.se\/wp-content\/uploads\/2024\/03\/Fiskekort2023-3.pdf\">Fiskekort_Fiskevatten<\/a>.<br \/>\nFiskekort \u2013 <a href=\"https:\/\/www.tyresofiske.se\/wp-content\/uploads\/2024\/03\/Fiskekort2023-2.pdf\">Fiskekort_Regler<\/a>.<\/p>\n<p><strong>Instruktion f\u00f6r\u00a0Mercury 4 hk fyrtaktsmotor<br \/>\n<\/strong>\u2022 Anv\u00e4nd <span style=\"color: #ff0000;\"><strong>endast ren oblandad milj\u00f6bensin<\/strong><\/span>.<br \/>\n\u2022 Anv\u00e4nd befintlig trycktank under aktertoften.<br \/>\n\u2022 Tippsp\u00e4rr finns p\u00e5 v\u00e4nster sida under motorhuset.<br \/>\n\u2022 Vid start ska motorn vara nedf\u00e4lld i vattnet, n\u00f6dstoppskontakten vara ansluten, gasreglaget st\u00e5 i l\u00e4ge Start, choken vara utdragen och v\u00e4xelreglaget i neutrall\u00e4ge (N). (L\u00e4ge R = back och l\u00e4ge F = fram\u00e5t.)<br \/>\nEn utf\u00f6rligare instruktions-pdf att ladda ner: <a href=\"https:\/\/www.tyresofiske.se\/wp-content\/uploads\/2024\/06\/Anvisning-Mercury.pdf\" target=\"_blank\" rel=\"noopener noreferrer\">Anvisning-Mercury<\/a><\/p>\n<p><em>Den som hyr b\u00e5ten ska ha fyllt 18 \u00e5r och inh\u00e4mta kunskap s\u00e5 att motorn kan hanteras p\u00e5 ett sj\u00f6mannam\u00e4ssigt s\u00e4tt.<\/em><\/p>\n<p><strong>Tala om f\u00f6r OKQ8-personalen om det finns <span style=\"color: #ff0000;\">n\u00e5got fel p\u00e5 b\u00e5ten<\/span> vid \u00e5terl\u00e4mnandet av nyckeln!<\/strong><\/p>\n","protected":false},"excerpt":{"rendered":"<p>Fiskekort \u2013 Fiskekort_Fiskevatten. Fiskekort \u2013 Fiskekort_Regler. Instruktion f\u00f6r\u00a0Mercury 4 hk fyrtaktsmotor \u2022 Anv\u00e4nd endast ren oblandad milj\u00f6bensin. \u2022 Anv\u00e4nd befintlig trycktank under aktertoften. \u2022 Tippsp\u00e4rr finns p\u00e5 v\u00e4nster sida under &hellip; <a href=\"https:\/\/www.tyresofiske.se\/index.php\/hyrbatar\/avtal-och-instruktioner\/\" class=\"more-link\">Forts\u00e4tt l\u00e4sa <span class=\"screen-reader-text\">Avtal och instruktioner<\/span> <span class=\"meta-nav\">&rarr;<\/span><\/a><\/p>\n","protected":false},"author":2,"featured_media":0,"parent":34,"menu_order":0,"comment_status":"closed","ping_status":"open","template":"","meta":{"_acf_changed":false,"footnotes":""},"class_list":["post-338","page","type-page","status-publish","hentry"],"acf":[],"_links":{"self":[{"href":"https:\/\/www.tyresofiske.se\/index.php\/wp-json\/wp\/v2\/pages\/338","targetHints":{"allow":["GET"]}}],"collection":[{"href":"https:\/\/www.tyresofiske.se\/index.php\/wp-json\/wp\/v2\/pages"}],"about":[{"href":"https:\/\/www.tyresofiske.se\/index.php\/wp-json\/wp\/v2\/types\/page"}],"author":[{"embeddable":true,"href":"https:\/\/www.tyresofiske.se\/index.php\/wp-json\/wp\/v2\/users\/2"}],"replies":[{"embeddable":true,"href":"https:\/\/www.tyresofiske.se\/index.php\/wp-json\/wp\/v2\/comments?post=338"}],"version-history":[{"count":19,"href":"https:\/\/www.tyresofiske.se\/index.php\/wp-json\/wp\/v2\/pages\/338\/revisions"}],"predecessor-version":[{"id":3613,"href":"https:\/\/www.tyresofiske.se\/index.php\/wp-json\/wp\/v2\/pages\/338\/revisions\/3613"}],"up":[{"embeddable":true,"href":"https:\/\/www.tyresofiske.se\/index.php\/wp-json\/wp\/v2\/pages\/34"}],"wp:attachment":[{"href":"https:\/\/www.tyresofiske.se\/index.php\/wp-json\/wp\/v2\/media?parent=338"}],"curies":[{"name":"wp","href":"https:\/\/api.w.org\/{rel}","templated":true}]}}