{"id":217,"date":"2014-02-08T16:17:36","date_gmt":"2014-02-08T16:17:36","guid":{"rendered":"http:\/\/www.tyresofiske.se\/?page_id=217"},"modified":"2025-10-30T12:44:12","modified_gmt":"2025-10-30T11:44:12","slug":"lankar","status":"publish","type":"page","link":"https:\/\/www.tyresofiske.se\/index.php\/kontakt\/lankar\/","title":{"rendered":"L\u00e4nkar"},"content":{"rendered":"<h3>V\u00e5ra sponsorer<\/h3>\n<ul>\n<li><a href=\"https:\/\/www.abugarcia.com\/\" target=\"_blank\" rel=\"noopener\">Abu Garcia<\/a><\/li>\n<li><a href=\"https:\/\/godissvampen.se\/\" target=\"_blank\" rel=\"noopener\">Godissvampen<\/a><\/li>\n<li><a href=\"https:\/\/jiggar.nu\/\" target=\"_blank\" rel=\"noopener\">Jiggar.nu<\/a><\/li>\n<li><a href=\"https:\/\/kayakangler.se\/\" target=\"_blank\" rel=\"noopener\">KayakAngler<\/a><\/li>\n<li><a href=\"https:\/\/www.facebook.com\/fiskarnasnaturkompaniet\/?locale=sv_SE\" target=\"_blank\" rel=\"noopener\">Fiskarnas Redskapshandel<\/a><\/li>\n<li><a href=\"https:\/\/fish.shimano.com\/en-GB\/product\/reels.html\" target=\"_blank\" rel=\"noopener\">Shimano<\/a><\/li>\n<li><a href=\"https:\/\/stockholmsportfiske.se\/sv\/\" target=\"_blank\" rel=\"noopener\">Stockholms Sportfiske<\/a><\/li>\n<li><a href=\"https:\/\/www.sportfiskeprylar.se\/\" target=\"_blank\" rel=\"noopener\">S\u00f6ders Sportfiske<\/a><\/li>\n<li><a href=\"https:\/\/www.northtackle.se\/\" target=\"_blank\" rel=\"noopener\">Titan Pro Tackle<\/a><\/li>\n<\/ul>\n<h3>Myndigheter<\/h3>\n<ul>\n<li><a href=\"http:\/\/www.havochvatten.se\/\" target=\"_blank\" rel=\"noopener noreferrer\">Havs och Vattenmyndigheten<\/a><\/li>\n<li><a href=\"http:\/\/www.smhi.se\/\" target=\"_blank\" rel=\"noopener noreferrer\">SMHI v\u00e4der<\/a><\/li>\n<li><a href=\"http:\/\/www.svenskafiskeregler.se\" target=\"_blank\" rel=\"noopener noreferrer\">Svenska fiskeregler<\/a><\/li>\n<\/ul>\n<h3>Samarbespartners<\/h3>\n<ul>\n<li><a href=\"http:\/\/www.tyresan.se\/\" target=\"_blank\" rel=\"noopener noreferrer\">Tyres\u00e5projektet<\/a><\/li>\n<li><a href=\"http:\/\/www.tyreso.se\/\" target=\"_blank\" rel=\"noopener noreferrer\">Tyres\u00f6 kommun<\/a><\/li>\n<\/ul>\n<h3>F\u00f6reningar m\u2009m<\/h3>\n<ul>\n<li><a href=\"http:\/\/www.drevviken.com\/\" target=\"_blank\" rel=\"noopener noreferrer\">Drevviken L\u00e5ngsj\u00f6ns Fiskev\u00e5rdsf\u00f6rening<\/a><\/li>\n<li><a href=\"http:\/\/www.vattenagarna.se\/\" target=\"_blank\" rel=\"noopener noreferrer\">Fiskevatten\u00e4garf\u00f6rbundet<\/a><\/li>\n<li><a href=\"http:\/\/www.sportfiskarna.se\/\" target=\"_blank\" rel=\"noopener noreferrer\">Sportfiskarna<\/a><\/li>\n<li><a href=\"http:\/\/www.sportfiskarna.se\/stockholm\/\" target=\"_blank\" rel=\"noopener noreferrer\">Sportfiskarnas Stockholmsdistrikt<\/a><\/li>\n<\/ul>\n<h3>Fiskar m\u2009m<\/h3>\n<ul>\n<li><a href=\"http:\/\/www.fishbase.org\/home.htm\" target=\"_blank\" rel=\"noopener noreferrer\">Fiskdatabas<\/a> Internationell<\/li>\n<\/ul>\n<h3>\u00d6vrigt<\/h3>\n<ul>\n<li><a href=\"http:\/\/fiskeguiden.no\/\" target=\"_blank\" rel=\"noopener noreferrer\">Fiskeguiden Norge<\/a><\/li>\n<li><a href=\"https:\/\/www.ljusdal.se\/upplevagora\/idrottmotionochfriluftsliv\/fiskailjusdalskommun.4.4b396cf614e46c4923cc7b69.html\" target=\"_blank\" rel=\"noopener noreferrer\">Fiske i Ljusdals kommun<\/a><\/li>\n<li><a href=\"http:\/\/www.fiskejournalen.se\/\" target=\"_blank\" rel=\"noopener noreferrer\">Fiskejournalen<\/a><\/li>\n<li><a href=\"http:\/\/www.grovfisk.se\/\" target=\"_blank\" rel=\"noopener noreferrer\">Grovfiskes\u00e4llskapet<\/a><\/li>\n<li><a href=\"http:\/\/www.laxfiske.nu\/fiske\/desktop\" target=\"_blank\" rel=\"noopener noreferrer\">Laxfiske.nu<\/a><\/li>\n<li><a href=\"http:\/\/www.acc.umu.se\/%7Ewidmark\/lwfishsw.html\" target=\"_blank\" rel=\"noopener noreferrer\">LW&#8217;s Sportfiskesida<\/a><\/li>\n<li><a href=\"http:\/\/www.normark.se\/\" target=\"_blank\" rel=\"noopener noreferrer\">Normark<\/a><\/li>\n<li><a href=\"http:\/\/sverigesradio.se\/sida\/artikel.aspx?programid=103&amp;artikel=6704073\" target=\"_blank\" rel=\"noopener noreferrer\">Sveriges Radio P4<\/a> Program om Metardagen p\u00e5 Notholmen 2017<\/li>\n<\/ul>\n","protected":false},"excerpt":{"rendered":"<p>V\u00e5ra sponsorer Abu Garcia Godissvampen Jiggar.nu KayakAngler Fiskarnas Redskapshandel Shimano Stockholms Sportfiske S\u00f6ders Sportfiske Titan Pro Tackle Myndigheter Havs och Vattenmyndigheten SMHI v\u00e4der Svenska fiskeregler Samarbespartners Tyres\u00e5projektet Tyres\u00f6 kommun F\u00f6reningar &hellip; <a href=\"https:\/\/www.tyresofiske.se\/index.php\/kontakt\/lankar\/\" class=\"more-link\">Forts\u00e4tt l\u00e4sa <span class=\"screen-reader-text\">L\u00e4nkar<\/span> <span class=\"meta-nav\">&rarr;<\/span><\/a><\/p>\n","protected":false},"author":2,"featured_media":0,"parent":40,"menu_order":4,"comment_status":"open","ping_status":"open","template":"","meta":{"_acf_changed":false,"footnotes":""},"class_list":["post-217","page","type-page","status-publish","hentry"],"acf":[],"_links":{"self":[{"href":"https:\/\/www.tyresofiske.se\/index.php\/wp-json\/wp\/v2\/pages\/217","targetHints":{"allow":["GET"]}}],"collection":[{"href":"https:\/\/www.tyresofiske.se\/index.php\/wp-json\/wp\/v2\/pages"}],"about":[{"href":"https:\/\/www.tyresofiske.se\/index.php\/wp-json\/wp\/v2\/types\/page"}],"author":[{"embeddable":true,"href":"https:\/\/www.tyresofiske.se\/index.php\/wp-json\/wp\/v2\/users\/2"}],"replies":[{"embeddable":true,"href":"https:\/\/www.tyresofiske.se\/index.php\/wp-json\/wp\/v2\/comments?post=217"}],"version-history":[{"count":58,"href":"https:\/\/www.tyresofiske.se\/index.php\/wp-json\/wp\/v2\/pages\/217\/revisions"}],"predecessor-version":[{"id":4156,"href":"https:\/\/www.tyresofiske.se\/index.php\/wp-json\/wp\/v2\/pages\/217\/revisions\/4156"}],"up":[{"embeddable":true,"href":"https:\/\/www.tyresofiske.se\/index.php\/wp-json\/wp\/v2\/pages\/40"}],"wp:attachment":[{"href":"https:\/\/www.tyresofiske.se\/index.php\/wp-json\/wp\/v2\/media?parent=217"}],"curies":[{"name":"wp","href":"https:\/\/api.w.org\/{rel}","templated":true}]}}