{"id":1259,"date":"2017-04-15T09:12:53","date_gmt":"2017-04-15T08:12:53","guid":{"rendered":"https:\/\/www.tyresofiske.se\/?page_id=1259"},"modified":"2017-04-15T09:12:53","modified_gmt":"2017-04-15T08:12:53","slug":"fisketillsyn","status":"publish","type":"page","link":"https:\/\/www.tyresofiske.se\/index.php\/fiske\/fisketillsyn\/","title":{"rendered":"Fisketillsyn"},"content":{"rendered":"<p>I f\u00f6reningens uppdrag fr\u00e5n fiskevattens\u00e4garna ing\u00e5r det att f\u00f6lja upp att fisket bedrivs s\u00e5 att lagar och andra fiskeregler f\u00f6ljs. F\u00f6r detta \u00e4ndam\u00e5l har f\u00f6reningen ett antal fisketillsynsm\u00e4n\/kvinnor. Dessa har genomg\u00e5tt speciell utbildning i de lagrum som g\u00e4ller f\u00f6r fiske. Fisketillsynsmannen ska kontrollera att fiskereglerna f\u00f6ljs och i f\u00f6rsta hand l\u00e4mna tillr\u00e4ttavisningar, men har ocks\u00e5 laglig r\u00e4tt att unders\u00f6ka och g\u00f6ra beslag av all utrustning som anv\u00e4nds i samband med fisket.<\/p>\n","protected":false},"excerpt":{"rendered":"<p>I f\u00f6reningens uppdrag fr\u00e5n fiskevattens\u00e4garna ing\u00e5r det att f\u00f6lja upp att fisket bedrivs s\u00e5 att lagar och andra fiskeregler f\u00f6ljs. F\u00f6r detta \u00e4ndam\u00e5l har f\u00f6reningen ett antal fisketillsynsm\u00e4n\/kvinnor. Dessa har &hellip; <a href=\"https:\/\/www.tyresofiske.se\/index.php\/fiske\/fisketillsyn\/\" class=\"more-link\">Forts\u00e4tt l\u00e4sa <span class=\"screen-reader-text\">Fisketillsyn<\/span> <span class=\"meta-nav\">&rarr;<\/span><\/a><\/p>\n","protected":false},"author":2,"featured_media":0,"parent":31,"menu_order":0,"comment_status":"closed","ping_status":"closed","template":"","meta":{"_acf_changed":false,"footnotes":""},"class_list":["post-1259","page","type-page","status-publish","hentry"],"acf":[],"_links":{"self":[{"href":"https:\/\/www.tyresofiske.se\/index.php\/wp-json\/wp\/v2\/pages\/1259","targetHints":{"allow":["GET"]}}],"collection":[{"href":"https:\/\/www.tyresofiske.se\/index.php\/wp-json\/wp\/v2\/pages"}],"about":[{"href":"https:\/\/www.tyresofiske.se\/index.php\/wp-json\/wp\/v2\/types\/page"}],"author":[{"embeddable":true,"href":"https:\/\/www.tyresofiske.se\/index.php\/wp-json\/wp\/v2\/users\/2"}],"replies":[{"embeddable":true,"href":"https:\/\/www.tyresofiske.se\/index.php\/wp-json\/wp\/v2\/comments?post=1259"}],"version-history":[{"count":1,"href":"https:\/\/www.tyresofiske.se\/index.php\/wp-json\/wp\/v2\/pages\/1259\/revisions"}],"predecessor-version":[{"id":1260,"href":"https:\/\/www.tyresofiske.se\/index.php\/wp-json\/wp\/v2\/pages\/1259\/revisions\/1260"}],"up":[{"embeddable":true,"href":"https:\/\/www.tyresofiske.se\/index.php\/wp-json\/wp\/v2\/pages\/31"}],"wp:attachment":[{"href":"https:\/\/www.tyresofiske.se\/index.php\/wp-json\/wp\/v2\/media?parent=1259"}],"curies":[{"name":"wp","href":"https:\/\/api.w.org\/{rel}","templated":true}]}}